{"id":3092,"date":"2018-07-06T09:38:50","date_gmt":"2018-07-06T09:38:50","guid":{"rendered":"https:\/\/www.roskalava.net\/tilini\/"},"modified":"2023-08-14T11:50:21","modified_gmt":"2023-08-14T11:50:21","slug":"tilini","status":"publish","type":"page","link":"https:\/\/www.roskalava.net\/fi\/tilini\/","title":{"rendered":"Tilini"},"content":{"rendered":"<div class=\"rtcl\">\n<div id=\"rtcl-user-login-wrapper\" class=\"have-registration-form\">\n    \n\t\t\n\t<div class=\"rtcl-login-form-wrap\">\n        <h2>Kirjaudu sis\u00e4\u00e4n<\/h2>\n        <form id=\"rtcl-login-form\" class=\"form-horizontal\" method=\"post\">\n\t\t\t            <div class=\"rtcl-form-group\">\n                <label for=\"rtcl-user-login\" class=\"rtcl-field-label\">\n\t\t\t\t\tk\u00e4ytt\u00e4j\u00e4tunnus tai s\u00e4hk\u00f6postiosoitte                    <strong class=\"rtcl-required\">*<\/strong>\n                <\/label>\n                <input type=\"text\" name=\"username\" autocomplete=\"username\"\n                       value=\"\"\n                       id=\"rtcl-user-login\" class=\"rtcl-form-control\" required\/>\n            <\/div>\n\n            <div class=\"rtcl-form-group\">\n                <label for=\"rtcl-user-pass\" class=\"rtcl-field-label\">\n\t\t\t\t\tSalasana                    <strong class=\"rtcl-required\">*<\/strong>\n                <\/label>\n                <input type=\"password\" name=\"password\" id=\"rtcl-user-pass\" autocomplete=\"current-password\"\n                       class=\"rtcl-form-control\" required\/>\n            <\/div>\n\n\t\t\t\n            <div class=\"rtcl-form-group\">\n                <div id=\"rtcl-login-g-recaptcha\"><\/div>\n                <div id=\"rtcl-login-g-recaptcha-message\"><\/div>\n            <\/div>\n\n            <div class=\"rtcl-form-group rtcl-login-form-submit-wrap\">\n\n                <button type=\"submit\" name=\"rtcl-login\" class=\"rtcl-btn\" value=\"login\">\n\t\t\t\t\tKirjaudu sis\u00e4\u00e4n                <\/button>\n                <div class=\"form-check\">\n                    <input type=\"checkbox\" name=\"rememberme\" id=\"rtcl-rememberme\" value=\"forever\">\n                    <label class=\"rtcl-form-check-label\" for=\"rtcl-rememberme\">\n\t\t\t\t\t\tTallenna kirjautumistiedot                    <\/label>\n                <\/div>\n            <\/div>\n            <div class=\"rtcl-form-group rtcl-form-group-no-margin-bottom\">\n                <p class=\"rtcl-forgot-password\">\n\t\t\t\t\t                    <a href=\"https:\/\/www.roskalava.net\/fi\/tilini\/lost-password\/\">Unohtuiko salasana?<\/a>\n                <\/p>\n            <\/div>\n\t\t\t<div class=\"rtcl-social-login-wrap\"><div class=\"nsl-container nsl-container-block\" data-align=\"left\"><div class=\"nsl-container-buttons\"><a href=\"https:\/\/www.roskalava.net\/fi\/wp-login.php?loginSocial=google&#038;redirect=https%3A%2F%2Fwww.roskalava.net%2Ffi%2Fwp-json%2Fwp%2Fv2%2Fpages%2F3092\" rel=\"nofollow\" aria-label=\"Jatka kanssa &lt;b&gt;Google&lt;\/b&gt;\" data-plugin=\"nsl\" data-action=\"connect\" data-provider=\"google\" data-popupwidth=\"600\" data-popupheight=\"600\"><div class=\"nsl-button nsl-button-default nsl-button-google\" data-skin=\"uniform\" style=\"background-color:#dc4e41;\"><div class=\"nsl-button-svg-container\"><svg xmlns=\"http:\/\/www.w3.org\/2000\/svg\" width=\"24\" height=\"24\" viewBox=\"0 0 24 24\"><path fill=\"#fff\" fill-rule=\"evenodd\" d=\"M11.988,14.28 L11.988,9.816 L23.22,9.816 C23.388,10.572 23.52,11.28 23.52,12.276 C23.52,19.128 18.924,24 12,24 C5.376,24 -9.47390314e-15,18.624 -9.47390314e-15,12 C-9.47390314e-15,5.376 5.376,0 12,0 C15.24,0 17.952,1.188 20.028,3.132 L16.62,6.444 C15.756,5.628 14.244,4.668 12,4.668 C8.028,4.668 4.788,7.968 4.788,12.012 C4.788,16.056 8.028,19.356 12,19.356 C16.596,19.356 18.288,16.176 18.6,14.292 L11.988,14.292 L11.988,14.28 Z\"\/><\/svg><\/div><div class=\"nsl-button-label-container\">Jatka kanssa <b>Google<\/b><\/div><\/div><\/a><\/div><\/div><\/div><input type=\"hidden\" id=\"rtcl-login-nonce\" name=\"rtcl-login-nonce\" value=\"8f80cf7886\" \/><input type=\"hidden\" name=\"_wp_http_referer\" value=\"\/fi\/wp-json\/wp\/v2\/pages\/3092\" \/><input type=\"hidden\" name=\"redirect_to\" value=\"https:\/\/www.roskalava.net\/fi\/wp-json\/wp\/v2\/pages\/3092\" \/>        <\/form>\n    <\/div>\n\t        <div class=\"rtcl-registration-form-wrap\">\n\n            <h2>Rekister\u00f6idy<\/h2>\n\n            <form id=\"rtcl-register-form\" class=\"form-horizontal\" method=\"post\">\n\n\t\t\t\t\t\t<div class=\"rtcl-form-group name-row\">\n\t\t\t<div class=\"first-name-column\">\n\t\t\t\t<label for=\"rtcl-reg-first-name\" class=\"rtcl-field-label\">\n\t\t\t\t\tEtunimi\t\t\t\t\t<strong class=\"rtcl-required\">*<\/strong>\n\t\t\t\t<\/label>\n\t\t\t\t<input type=\"text\" name=\"first_name\" id=\"rtcl-reg-first-name\"\n\t\t\t\t\t   value=\"\"\n\t\t\t\t\t   class=\"rtcl-form-control\" required\/>\n\t\t\t<\/div>\n\t\t\t<div class=\"second-name-column\">\n\t\t\t\t<label for=\"rtcl-reg-last-name\" class=\"rtcl-field-label\">\n\t\t\t\t\tSukunimi\t\t\t\t\t<strong class=\"rtcl-required\">*<\/strong>\n\t\t\t\t<\/label>\n\t\t\t\t<input type=\"text\" name=\"last_name\"\n\t\t\t\t\t   value=\"\"\n\t\t\t\t\t   id=\"rtcl-reg-last-name\" class=\"rtcl-form-control\" required\/>\n\t\t\t<\/div>\n\t\t<\/div>\n\t\t\n                <div class=\"rtcl-form-group\">\n                    <label for=\"rtcl-reg-username\" class=\"rtcl-field-label\">\n\t\t\t\t\t\tK\u00e4ytt\u00e4j\u00e4tunnus                        <strong class=\"rtcl-required\">*<\/strong>\n                    <\/label>\n                    <input type=\"text\" name=\"username\"\n                           value=\"\"\n                           autocomplete=\"username\" id=\"rtcl-reg-username\" class=\"rtcl-form-control\" required\/>\n                    <span class=\"help-block\">K\u00e4ytt\u00e4j\u00e4tunnusta ei voi muuttaa<\/span>\n                <\/div>\n\n                <div class=\"rtcl-form-group\">\n                    <label for=\"rtcl-reg-email\" class=\"rtcl-field-label\">\n\t\t\t\t\t\tS\u00e4hk\u00f6postiosoite                        <strong class=\"rtcl-required\">*<\/strong>\n                    <\/label>\n                    <input type=\"email\" name=\"email\"\n                           value=\"\"\n                           autocomplete=\"email\" id=\"rtcl-reg-email\" class=\"rtcl-form-control\" required\/>\n                <\/div>\n\n                <div class=\"rtcl-form-group\">\n                    <label for=\"rtcl-reg-password\" class=\"rtcl-field-label\">\n\t\t\t\t\t\tSalasana                        <strong class=\"rtcl-required\">*<\/strong>\n                    <\/label>\n                    <input type=\"password\" name=\"password\" id=\"rtcl-reg-password\" autocomplete=\"new-password\"\n                           class=\"rtcl-form-control rtcl-password\" required\/>\n                <\/div>\n\n                <div class=\"rtcl-form-group\">\n                    <label for=\"rtcl-reg-confirm-password\" class=\"rtcl-field-label\">\n\t\t\t\t\t\tVahvista salasana                        <strong class=\"rtcl-required\">*<\/strong>\n                    <\/label>\n                    <div class=\"confirm-password-wrap\">\n                        <input type=\"password\" name=\"pass2\" id=\"rtcl-reg-confirm-password\" class=\"rtcl-form-control\"\n                               autocomplete=\"off\"\n                               data-rule-equalTo=\"#rtcl-reg-password\"\n                               data-msg-equalTo=\"Salasana ei t\u00e4sm\u00e4\u00e4\" required\/>\n                        <span class=\"rtcl-checkmark\"><\/span>\n                    <\/div>\n                <\/div>\n\n\t\t\t\t\n\t\t<div class=\"form-group rtcl-privacy-policy-wrap\">\n\t\t\t<div class=\"form-check\">\n\t\t\t\t<input id=\"rtcl-privacy-policy\" name=\"rtcl_privacy_policy\" type=\"checkbox\" class=\"form-check-input\"\n\t\t\t\t\t   required>\n\t\t\t\t<label class=\"rtcl-form-check-label\" for=\"rtcl-privacy-policy\">\n\t\t\t\t\t<p>Henkil\u00f6tietojasi k\u00e4ytet\u00e4\u00e4n k\u00e4ytt\u00f6kokemuksesi tukemiseen t\u00e4ll\u00e4 verkkosivustolla, tilillesi p\u00e4\u00e4syn hallintaan ja muihin tarkoituksiin, jotka on kuvattu  <a href=\"https:\/\/www.roskalava.net\/privacy\/\" class=\"rtcl-privacy-policy-link\" target=\"_blank\">Tietosuojaseloste<\/a>.<\/p>\n\t\t\t\t<\/label>\n\t\t\t\t<div class=\"with-errors help-block\"\n\t\t\t\t\t data-error=\"T\u00e4m\u00e4 on pakollinen\"><\/div>\n\t\t\t<\/div>\n\t\t<\/div>\n\t\t\n\t<div class=\"rtcl-registration-terms-conditions\">\n\t\t\t\t<div class=\"rtcl-form-group\">\n\t\t\t<div class=\"form-check\">\n\t\t\t\t<input type=\"checkbox\"\n\t\t\t\t\t   class=\"form-check-input\"\n\t\t\t\t\t   name=\"rtcl_terms_conditions\"\n\t\t\t\t\t   id=\"rtcl-terms-conditions\"\n\t\t\t\t\t   required\n\t\t\t\t\t\t\t\t\t>\n\t\t\t\t<label class=\"rtcl-form-check-label\" for=\"rtcl-terms-conditions\">\n\t\t\t\t\tOlen lukenut ja hyv\u00e4ksyn sivuston <a href=\"https:\/\/www.roskalava.net\/terms-of-use\/\" class=\"rtcl-terms-and-conditions-link\" target=\"_blank\">K\u00e4ytt\u00f6ehdot<\/a>.\t\t\t\t<\/label>\n\t\t\t\t<div class=\"with-errors help-block\"\n\t\t\t\t\t data-error=\"T\u00e4m\u00e4 on pakollinen\"><\/div>\n\t\t\t<\/div>\n\t\t<\/div>\n\t<\/div>\n\t\n                <div class=\"rtcl-form-group rtcl-form-group-no-margin-bottom\">\n                    <div id=\"rtcl-registration-g-recaptcha\"><\/div>\n                    <div id=\"rtcl-registration-g-recaptcha-message\"><\/div>\n                    <input type=\"submit\" name=\"rtcl-register\" class=\"rtcl-btn\"\n                           value=\"Rekister\u00f6idy\"\/>\n                <\/div>\n\t\t\t\t<input type=\"hidden\" id=\"rtcl-register-nonce\" name=\"rtcl-register-nonce\" value=\"2546de6834\" \/><input type=\"hidden\" name=\"_wp_http_referer\" value=\"\/fi\/wp-json\/wp\/v2\/pages\/3092\" \/><input type=\"hidden\" name=\"redirect_to\" value=\"https:\/\/www.roskalava.net\/fi\/wp-json\/wp\/v2\/pages\/3092\" \/>            <\/form>\n        <\/div>\n\t<\/div>\n<\/div>\n","protected":false},"excerpt":{"rendered":"","protected":false},"author":1,"featured_media":0,"parent":0,"menu_order":0,"comment_status":"closed","ping_status":"closed","template":"","meta":{"_rtcl_gb_attr":"","footnotes":""},"class_list":["post-3092","page","type-page","status-publish","hentry"],"_links":{"self":[{"href":"https:\/\/www.roskalava.net\/fi\/wp-json\/wp\/v2\/pages\/3092","targetHints":{"allow":["GET"]}}],"collection":[{"href":"https:\/\/www.roskalava.net\/fi\/wp-json\/wp\/v2\/pages"}],"about":[{"href":"https:\/\/www.roskalava.net\/fi\/wp-json\/wp\/v2\/types\/page"}],"author":[{"embeddable":true,"href":"https:\/\/www.roskalava.net\/fi\/wp-json\/wp\/v2\/users\/1"}],"replies":[{"embeddable":true,"href":"https:\/\/www.roskalava.net\/fi\/wp-json\/wp\/v2\/comments?post=3092"}],"version-history":[{"count":1,"href":"https:\/\/www.roskalava.net\/fi\/wp-json\/wp\/v2\/pages\/3092\/revisions"}],"predecessor-version":[{"id":3093,"href":"https:\/\/www.roskalava.net\/fi\/wp-json\/wp\/v2\/pages\/3092\/revisions\/3093"}],"wp:attachment":[{"href":"https:\/\/www.roskalava.net\/fi\/wp-json\/wp\/v2\/media?parent=3092"}],"curies":[{"name":"wp","href":"https:\/\/api.w.org\/{rel}","templated":true}]}}