{"id":3094,"date":"2018-07-06T09:38:50","date_gmt":"2018-07-06T09:38:50","guid":{"rendered":"https:\/\/www.roskalava.net\/jata-ilmoitus\/"},"modified":"2023-08-25T21:36:11","modified_gmt":"2023-08-25T21:36:11","slug":"jata-ilmoitus","status":"publish","type":"page","link":"https:\/\/www.roskalava.net\/fi\/jata-ilmoitus\/","title":{"rendered":"J\u00e4t\u00e4 ilmoitus"},"content":{"rendered":"<div class=\"rtcl\"><div class=\"rtcl rtcl-login-form-wrap\" >\n\n\t\t<form class=\"rtcl-form rtcl-login-form\" method=\"post\">\n\n\t\t\n\t\t\n\t\t<div class=\"rtcl-form-group\">\n\t\t\t<label for=\"rtcl-user-login\" class=\"rtcl-field-label\">k\u00e4ytt\u00e4j\u00e4tunnus tai s\u00e4hk\u00f6postiosoitte<\/label>\n\t\t\t<input type=\"text\" name=\"username\" autocomplete=\"username\"\n\t\t\t\t   value=\"\"\n\t\t\t\t   id=\"rtcl-user-login\" class=\"rtcl-form-control\" required\/>\n\t\t<\/div>\n\n\t\t<div class=\"rtcl-form-group\">\n\t\t\t<label for=\"rtcl-user-pass\" class=\"rtcl-field-label\">\n\t\t\t\tSalasana\t\t\t<\/label>\n\t\t\t<input type=\"password\" name=\"password\" id=\"rtcl-user-pass\" autocomplete=\"current-password\"\n\t\t\t\t   class=\"rtcl-form-control\" required\/>\n\t\t<\/div>\n\n\t\t\n\t\t<div class=\"rtcl-form-group\">\n\t\t\t<div id=\"rtcl-login-g-recaptcha\" class=\"mb-2\"><\/div>\n\t\t\t<div id=\"rtcl-login-g-recaptcha-message\"><\/div>\n\t\t<\/div>\n\n\t\t<div class=\"rtcl-form-group rtcl-login-form-submit-wrap\">\n\t\t\t<button type=\"submit\" name=\"rtcl-login\" class=\"rtcl-btn\" value=\"login\">\n\t\t\t\tKirjaudu sis\u00e4\u00e4n\t\t\t<\/button>\n\t\t\t<div class=\"form-check\">\n\t\t\t\t<input type=\"checkbox\" name=\"rememberme\" id=\"rtcl-rememberme\" value=\"forever\">\n\t\t\t\t<label class=\"rtcl-form-check-label\" for=\"rtcl-rememberme\">\n\t\t\t\t\tTallenna kirjautumistiedot\t\t\t\t<\/label>\n\t\t\t<\/div>\n\t\t<\/div>\n\n\t\t<div class=\"rtcl-form-group\">\n\t\t\t<p class=\"rtcl-forgot-password\">\n\t\t\t\t\t\t\t\t\t<a href=\"https:\/\/www.roskalava.net\/fi\/tilini\/\">Rekister\u00f6idy<\/a><span>|<\/span>\n\t\t\t\t\t\t\t\t<a href=\"https:\/\/www.roskalava.net\/fi\/tilini\/lost-password\/\">Unohtuiko salasana?<\/a>\n\n\t\t\t<\/p>\n\t\t<\/div>\n\t\t<div class=\"rtcl-social-login-wrap\"><div class=\"nsl-container nsl-container-block\" data-align=\"left\"><div class=\"nsl-container-buttons\"><a href=\"https:\/\/www.roskalava.net\/fi\/wp-login.php?loginSocial=google&#038;redirect=https%3A%2F%2Fwww.roskalava.net%2Ffi%2Fwp-json%2Fwp%2Fv2%2Fpages%2F3094\" rel=\"nofollow\" aria-label=\"Jatka kanssa &lt;b&gt;Google&lt;\/b&gt;\" data-plugin=\"nsl\" data-action=\"connect\" data-provider=\"google\" data-popupwidth=\"600\" data-popupheight=\"600\"><div class=\"nsl-button nsl-button-default nsl-button-google\" data-skin=\"uniform\" style=\"background-color:#dc4e41;\"><div class=\"nsl-button-svg-container\"><svg xmlns=\"http:\/\/www.w3.org\/2000\/svg\" width=\"24\" height=\"24\" viewBox=\"0 0 24 24\"><path fill=\"#fff\" fill-rule=\"evenodd\" d=\"M11.988,14.28 L11.988,9.816 L23.22,9.816 C23.388,10.572 23.52,11.28 23.52,12.276 C23.52,19.128 18.924,24 12,24 C5.376,24 -9.47390314e-15,18.624 -9.47390314e-15,12 C-9.47390314e-15,5.376 5.376,0 12,0 C15.24,0 17.952,1.188 20.028,3.132 L16.62,6.444 C15.756,5.628 14.244,4.668 12,4.668 C8.028,4.668 4.788,7.968 4.788,12.012 C4.788,16.056 8.028,19.356 12,19.356 C16.596,19.356 18.288,16.176 18.6,14.292 L11.988,14.292 L11.988,14.28 Z\"\/><\/svg><\/div><div class=\"nsl-button-label-container\">Jatka kanssa <b>Google<\/b><\/div><\/div><\/a><\/div><\/div><\/div><input type=\"hidden\" id=\"rtcl-login-nonce\" name=\"rtcl-login-nonce\" value=\"0c601bcc8d\" \/><input type=\"hidden\" name=\"_wp_http_referer\" value=\"\/fi\/wp-json\/wp\/v2\/pages\/3094\" \/><input type=\"hidden\" name=\"redirect_to\" value=\"https:\/\/www.roskalava.net\/fi\/wp-json\/wp\/v2\/pages\/3094\" \/>\n\t<\/form>\n<\/div>\n<\/div>\n","protected":false},"excerpt":{"rendered":"","protected":false},"author":1,"featured_media":0,"parent":0,"menu_order":0,"comment_status":"closed","ping_status":"closed","template":"","meta":{"_rtcl_gb_attr":"","footnotes":""},"class_list":["post-3094","page","type-page","status-publish","hentry"],"_links":{"self":[{"href":"https:\/\/www.roskalava.net\/fi\/wp-json\/wp\/v2\/pages\/3094","targetHints":{"allow":["GET"]}}],"collection":[{"href":"https:\/\/www.roskalava.net\/fi\/wp-json\/wp\/v2\/pages"}],"about":[{"href":"https:\/\/www.roskalava.net\/fi\/wp-json\/wp\/v2\/types\/page"}],"author":[{"embeddable":true,"href":"https:\/\/www.roskalava.net\/fi\/wp-json\/wp\/v2\/users\/1"}],"replies":[{"embeddable":true,"href":"https:\/\/www.roskalava.net\/fi\/wp-json\/wp\/v2\/comments?post=3094"}],"version-history":[{"count":1,"href":"https:\/\/www.roskalava.net\/fi\/wp-json\/wp\/v2\/pages\/3094\/revisions"}],"predecessor-version":[{"id":3431,"href":"https:\/\/www.roskalava.net\/fi\/wp-json\/wp\/v2\/pages\/3094\/revisions\/3431"}],"wp:attachment":[{"href":"https:\/\/www.roskalava.net\/fi\/wp-json\/wp\/v2\/media?parent=3094"}],"curies":[{"name":"wp","href":"https:\/\/api.w.org\/{rel}","templated":true}]}}