{"id":3124,"date":"2018-11-05T08:56:53","date_gmt":"2018-11-05T08:56:53","guid":{"rendered":"https:\/\/www.roskalava.net\/meista\/"},"modified":"2023-11-14T10:55:16","modified_gmt":"2023-11-14T10:55:16","slug":"meista","status":"publish","type":"page","link":"https:\/\/www.roskalava.net\/fi\/meista\/","title":{"rendered":"Meist\u00e4"},"content":{"rendered":"\t\t<div data-elementor-type=\"wp-page\" data-elementor-id=\"3124\" class=\"elementor elementor-3124 elementor-919\">\n\t\t\t\t\t\t<section class=\"elementor-section elementor-top-section elementor-element elementor-element-8eecb89 elementor-section-boxed elementor-section-height-default elementor-section-height-default rt-parallax-bg-no\" data-id=\"8eecb89\" data-element_type=\"section\">\n\t\t\t\t\t\t<div class=\"elementor-container elementor-column-gap-default\">\n\t\t\t\t\t<div class=\"elementor-column elementor-col-100 elementor-top-column elementor-element elementor-element-ffdb046\" data-id=\"ffdb046\" data-element_type=\"column\">\n\t\t\t<div class=\"elementor-widget-wrap elementor-element-populated\">\n\t\t\t\t\t\t<div class=\"elementor-element elementor-element-31060b8 elementor-widget elementor-widget-heading\" data-id=\"31060b8\" data-element_type=\"widget\" data-widget_type=\"heading.default\">\n\t\t\t\t<div class=\"elementor-widget-container\">\n\t\t\t\t\t<h1 class=\"elementor-heading-title elementor-size-default\">Meist\u00e4<\/h1>\t\t\t\t<\/div>\n\t\t\t\t<\/div>\n\t\t\t\t\t<\/div>\n\t\t<\/div>\n\t\t\t\t\t<\/div>\n\t\t<\/section>\n\t\t\t\t<section class=\"elementor-section elementor-top-section elementor-element elementor-element-cdfe6e9 elementor-section-boxed elementor-section-height-default elementor-section-height-default rt-parallax-bg-no\" data-id=\"cdfe6e9\" data-element_type=\"section\">\n\t\t\t\t\t\t<div class=\"elementor-container elementor-column-gap-default\">\n\t\t\t\t\t<div class=\"elementor-column elementor-col-100 elementor-top-column elementor-element elementor-element-2ce623a\" data-id=\"2ce623a\" data-element_type=\"column\">\n\t\t\t<div class=\"elementor-widget-wrap elementor-element-populated\">\n\t\t\t\t\t\t<div class=\"elementor-element elementor-element-b8584d5 elementor-widget elementor-widget-text-editor\" data-id=\"b8584d5\" data-element_type=\"widget\" data-widget_type=\"text-editor.default\">\n\t\t\t\t<div class=\"elementor-widget-container\">\n\t\t\t\t\t\t\t\t\t<p>Tietoa meist\u00e4<\/p>\n<p>Olemme Suomen 100% hyv\u00e4ntekev\u00e4isyysalusta. Y-tunnus 3140484-1. Perustettu vuonna 2023 Jyv\u00e4skyl\u00e4ss\u00e4.<\/p><p>Roskalava-sovellus on sovellus, jossa k\u00e4ytt\u00e4j\u00e4t voivat ilmoittaa lahjoittavansa tuotteita, joita he eiv\u00e4t tarvitse, jotta muut niit\u00e4 tarvitsevat voivat ker\u00e4t\u00e4 ne. Myynti t\u00e4ss\u00e4 sovelluksessa on ehdottomasti kielletty.<\/p><p><span style=\"white-space: normal;\">Teht\u00e4v\u00e4mme on edist\u00e4\u00e4 kest\u00e4vyytt\u00e4 ja yhteyksi\u00e4 yhteis\u00f6jen sis\u00e4ll\u00e4 antamalla k\u00e4ytetyille tavaroille toisen mahdollisuuden. Roskalava.net-sivustolla voit helposti julkaista ja l\u00f6yt\u00e4\u00e4 k\u00e4ytettyj\u00e4 aarteita l\u00e4hiseudullasi.<\/span><\/p>\n<p>Missiomme <\/p>\n<p>Tavoitteemme on yksinkertainen: v\u00e4hent\u00e4\u00e4 j\u00e4tett\u00e4 ja rakentaa kest\u00e4v\u00e4mpi maailma. Kannustamme ihmisi\u00e4 jakamaan ja k\u00e4ytt\u00e4m\u00e4\u00e4n tavaroita uudelleen, n\u00e4in auttaen ymp\u00e4rist\u00f6\u00e4 sek\u00e4 edist\u00e4en oman yhteis\u00f6n siteit\u00e4. <\/p>\n<p><br><\/p>\n<p>Kuinka se toimii<\/p>\n<p>Listaa tavarat: Julkaise tuotteet, joita et en\u00e4\u00e4 tarvitse, ja viimeistele kuvilla sek\u00e4 noutotiedoilla.<span style=\"letter-spacing: 0.7px; background-color: inherit;\">&nbsp;<\/span><\/p>\n<p>Tee l\u00f6yt\u00f6j\u00e4: Selaa listattuja tavaroita kategorioittain tai sijainnin mukaan l\u00f6yt\u00e4\u00e4ksesi tarvitsemasi.<span style=\"letter-spacing: 0.7px; background-color: inherit;\">&nbsp;<\/span><\/p>\n<p>Ole yhteydess\u00e4 ja nouda: Ota yhteytt\u00e4 k\u00e4ytt\u00e4jiin pikachatin kautta, j\u00e4rjest\u00e4 nouto ja anna tavaroille uusi koti. <\/p>\n<p><br><\/p>\n<p>Miksi valita meid\u00e4t? <\/p>\n<p>Yhteis\u00f6keskeinen: Liity yhteis\u00f6\u00f6n, joka v\u00e4litt\u00e4\u00e4 kest\u00e4vyydest\u00e4. <br>Ymp\u00e4rist\u00f6yst\u00e4v\u00e4llinen: V\u00e4henn\u00e4 hukkaa. <br>K\u00e4ytt\u00e4j\u00e4yst\u00e4v\u00e4llinen: Helppok\u00e4ytt\u00f6inen alusta kaikille. <br>Paikalliset yhteydet: Ota yhteytt\u00e4 naapureihin k\u00e4tev\u00e4\u00e4 noutoa varten. <br>Ilmainen: Nauti alustastamme ilmaiseksi. <br>Kaksikielinen: Saatavana sek\u00e4 suomeksi ett\u00e4 englanniksi<\/p>\n<p>Tule mukaan vaikuttamaan<\/p>\t\t\t\t\t\t\t\t<\/div>\n\t\t\t\t<\/div>\n\t\t\t\t\t<\/div>\n\t\t<\/div>\n\t\t\t\t\t<\/div>\n\t\t<\/section>\n\t\t\t\t<\/div>\n\t\t","protected":false},"excerpt":{"rendered":"<p>Meist\u00e4 Tietoa meist\u00e4 Olemme Suomen 100% hyv\u00e4ntekev\u00e4isyysalusta. Y-tunnus 3140484-1. Perustettu vuonna 2023 Jyv\u00e4skyl\u00e4ss\u00e4. Roskalava-sovellus on sovellus, jossa k\u00e4ytt\u00e4j\u00e4t voivat ilmoittaa lahjoittavansa tuotteita, joita he eiv\u00e4t tarvitse, jotta muut niit\u00e4 tarvitsevat voivat ker\u00e4t\u00e4 ne. Myynti t\u00e4ss\u00e4 sovelluksessa on ehdottomasti kielletty. Teht\u00e4v\u00e4mme on edist\u00e4\u00e4 kest\u00e4vyytt\u00e4 ja yhteyksi\u00e4 yhteis\u00f6jen sis\u00e4ll\u00e4 antamalla k\u00e4ytetyille tavaroille toisen mahdollisuuden. Roskalava.net-sivustolla voit helposti<\/p>\n","protected":false},"author":1,"featured_media":0,"parent":0,"menu_order":0,"comment_status":"closed","ping_status":"closed","template":"templates\/blank.php","meta":{"_rtcl_gb_attr":"","footnotes":""},"class_list":["post-3124","page","type-page","status-publish","hentry"],"_links":{"self":[{"href":"https:\/\/www.roskalava.net\/fi\/wp-json\/wp\/v2\/pages\/3124","targetHints":{"allow":["GET"]}}],"collection":[{"href":"https:\/\/www.roskalava.net\/fi\/wp-json\/wp\/v2\/pages"}],"about":[{"href":"https:\/\/www.roskalava.net\/fi\/wp-json\/wp\/v2\/types\/page"}],"author":[{"embeddable":true,"href":"https:\/\/www.roskalava.net\/fi\/wp-json\/wp\/v2\/users\/1"}],"replies":[{"embeddable":true,"href":"https:\/\/www.roskalava.net\/fi\/wp-json\/wp\/v2\/comments?post=3124"}],"version-history":[{"count":10,"href":"https:\/\/www.roskalava.net\/fi\/wp-json\/wp\/v2\/pages\/3124\/revisions"}],"predecessor-version":[{"id":3741,"href":"https:\/\/www.roskalava.net\/fi\/wp-json\/wp\/v2\/pages\/3124\/revisions\/3741"}],"wp:attachment":[{"href":"https:\/\/www.roskalava.net\/fi\/wp-json\/wp\/v2\/media?parent=3124"}],"curies":[{"name":"wp","href":"https:\/\/api.w.org\/{rel}","templated":true}]}}