{"id":3126,"date":"2023-08-09T09:42:08","date_gmt":"2023-08-09T09:42:08","guid":{"rendered":"https:\/\/www.roskalava.net\/kayttoehdot\/"},"modified":"2023-08-09T10:13:02","modified_gmt":"2023-08-09T10:13:02","slug":"kayttoehdot","status":"publish","type":"page","link":"https:\/\/www.roskalava.net\/fi\/kayttoehdot\/","title":{"rendered":"K\u00e4ytt\u00f6ehdot"},"content":{"rendered":"\t\t<div data-elementor-type=\"wp-page\" data-elementor-id=\"3126\" class=\"elementor elementor-3126 elementor-3099\">\n\t\t\t\t\t\t<section class=\"elementor-section elementor-top-section elementor-element elementor-element-2af8600 elementor-section-boxed elementor-section-height-default elementor-section-height-default rt-parallax-bg-no\" data-id=\"2af8600\" data-element_type=\"section\">\n\t\t\t\t\t\t<div class=\"elementor-container elementor-column-gap-default\">\n\t\t\t\t\t<div class=\"elementor-column elementor-col-100 elementor-top-column elementor-element elementor-element-be6bd06\" data-id=\"be6bd06\" data-element_type=\"column\">\n\t\t\t<div class=\"elementor-widget-wrap elementor-element-populated\">\n\t\t\t\t\t\t<div class=\"elementor-element elementor-element-4dd5ff7 elementor-widget elementor-widget-text-editor\" data-id=\"4dd5ff7\" data-element_type=\"widget\" data-widget_type=\"text-editor.default\">\n\t\t\t\t<div class=\"elementor-widget-container\">\n\t\t\t\t\t\t\t\t\t<h2><span style=\"background-color: inherit;\">K\u00e4ytt\u00f6ehdot<\/span><\/h2>\n<h2>\n<pre style=\"user-select: text; font-family: &quot;Courier New&quot;, Courier, monospace, arial, sans-serif; margin-bottom: 0px; background-color: rgb(255, 255, 255); color: rgb(0, 0, 0); font-size: 14px; font-weight: 400;\">\n<pre style=\"user-select: text; font-family: &quot;Courier New&quot;, Courier, monospace, arial, sans-serif; margin-bottom: 0px; background-color: rgb(255, 255, 255); color: rgb(0, 0, 0); font-size: 14px;\">N\u00e4m\u00e4 ehdot s\u00e4\u00e4ntelev\u00e4t p\u00e4\u00e4sy\u00e4si kaikkiin Opare A. Y-tunnus 3140484-1: n yll\u00e4pit\u00e4m\u00e4\u00e4n sis\u00e4lt\u00f6\u00f6n, tuotteisiin ja palveluihin, jotka ovat saatavilla https:\/\/www.roskalava.net -sivustolla.\n\nSinun p\u00e4\u00e4sy palveluihimme edellytt\u00e4\u00e4, ett\u00e4 hyv\u00e4ksyt kaikki muut ehdot ja kaikki muut julkaisetut k\u00e4ytt\u00f6ehdot ja k\u00e4yt\u00e4nn\u00f6t, joita voimme julkaista ajoittain, ilman muutoksia.\n\nLue sopimus huolellisesti ennen palveluun p\u00e4\u00e4sy\u00e4 tai k\u00e4ytt\u00f6\u00e4. K\u00e4ytt\u00e4m\u00e4ll\u00e4 mit\u00e4 tahansa palvelumme osaa tai k\u00e4ytt\u00e4m\u00e4ll\u00e4 sit\u00e4, sitoudut sitoutumaan n\u00e4ihin ehtoihin. Jos et hyv\u00e4ksy mit\u00e4\u00e4n sopimuksen ehtojen osaa, et voi k\u00e4ytt\u00e4\u00e4 Palveluitamme tai k\u00e4ytt\u00e4\u00e4 sit\u00e4. \nImmateriaalioikeudet\nSopimus ei siirr\u00e4 meilt\u00e4 meille mit\u00e4\u00e4n omaa tai kolmannen osapuolen immateriaalioikeutta, ja kaikki oikeudet, omistusoikeudet ja edut t\u00e4llaiseen omaisuuteen ja t\u00e4llaiseen omaisuuteen s\u00e4ilyv\u00e4t (osapuolten v\u00e4lill\u00e4) yksinomaan Roskalava ja sen lisenssinantajien kanssa.\n\nKolmansien osapuolien palvelut\nPalveluita k\u00e4ytett\u00e4ess\u00e4 voit k\u00e4ytt\u00e4\u00e4 kolmannen osapuolen palveluita, tuotteita, ohjelmistoja, upotuksia tai kolmannen osapuolen kehitt\u00e4mi\u00e4 sovelluksia (\u201dkolmannen osapuolen palvelut\u201d).\nJos k\u00e4yt\u00e4t kolmannen osapuolen palveluita, hyv\u00e4ksyt seuraavan:\nKolmannen osapuolen palvelun k\u00e4ytt\u00f6 on omalla vastuulla, emmek\u00e4 ole vastuussa kenellek\u00e4\u00e4n kolmansien osapuolien verkkosivustoista tai palveluista.\nHyv\u00e4ksyt ja suostut siihen, ett\u00e4 emme ole vastuussa mist\u00e4\u00e4n vahingoista tai menetyksist\u00e4, jotka aiheutuvat tai v\u00e4itet\u00e4\u00e4n johtuvan mink\u00e4\u00e4n t\u00e4llaisen sis\u00e4ll\u00f6n, tavaroiden tai palveluiden k\u00e4yt\u00f6st\u00e4, joka on saatavana sellaisilla verkkosivustoilla tai palveluilla.\n\nTilit\nJos palvelumme mink\u00e4 tahansa osan k\u00e4ytt\u00f6 edellytt\u00e4\u00e4 tili\u00e4, suostut toimittamaan meille t\u00e4ydelliset ja tarkat tiedot rekister\u00f6ityess\u00e4si tilille.\nOlet yksin vastuussa kaikesta tilisi alla tapahtuvasta toiminnasta. Olet vastuussa tilitietojesi ajan tasalla pit\u00e4misest\u00e4 ja salasanasi suojaamisesta.\nOlet vastuussa tilisi turvallisuuden yll\u00e4pidosta, jota k\u00e4yt\u00e4t Palvelun k\u00e4ytt\u00e4miseen. Et saa jakaa k\u00e4ytt\u00f6oikeuksiasi tai k\u00e4ytt\u00e4\u00e4 niit\u00e4 v\u00e4\u00e4rin. Sinun on ilmoitettava meille v\u00e4litt\u00f6m\u00e4sti tilisi luvattomasta k\u00e4yt\u00f6st\u00e4 tai saatuaan tiet\u00e4\u00e4 muista tietoturvaloukkauksista.\n\nP\u00e4\u00e4ttyminen\nVoimme lopettaa tai keskeytt\u00e4\u00e4 k\u00e4ytt\u00f6oikeutesi kaikkiin tai osaan Palveluistamme milloin tahansa, ilman syyt\u00e4 tai ilman ennakkoilmoitusta, voimaantuloa heti. Jos haluat irtisanoa sopimuksen tai Roskalava-tilisi, voit yksinkertaisesti lopettaa Palveluidemme k\u00e4yt\u00f6n.\nKaikki sopimuksen m\u00e4\u00e4r\u00e4ykset, joiden luonteensa vuoksi pit\u00e4isi p\u00e4\u00e4tty\u00e4 irtisanomiseen, pysyv\u00e4t voimassa irtisanomisen j\u00e4lkeen, mukaan lukien, rajoittamatta, omistuss\u00e4\u00e4nn\u00f6kset, vastuuvapauslausekkeet, korvaukset ja vastuun rajoitukset.\n\nVastuuvapauslauseke\nPalvelumme tarjotaan \u201dsellaisena kuin se on\u201d. ja \u201dAS AVAILABLE\u201d -periaatteella. Roskalava sek\u00e4 sen tavarantoimittajat ja lisenssinantajat kielt\u00e4ytyv\u00e4t t\u00e4ten antamasta mink\u00e4\u00e4nlaista nimenomaista tai ep\u00e4suoraa takuuta\nToimivalta ja sovellettava laki\n\nJollei sovellettavassa lains\u00e4\u00e4d\u00e4nn\u00f6ss\u00e4 toisin m\u00e4\u00e4r\u00e4t\u00e4, sopimusta ja palveluiden saatavuutta tai k\u00e4ytt\u00f6\u00e4 s\u00e4\u00e4nnell\u00e4\u00e4n Suomen laeilla.Sopiva paikka riita-asioista, jotka johtuvat sopimuksesta tai liittyv\u00e4t niihin, sek\u00e4 p\u00e4\u00e4sy palveluihimme tai niiden k\u00e4ytt\u00f6 on Suomessa sijaitsevat tuomioistuimet.\n\nmuutokset\nRoskalava pid\u00e4tt\u00e4\u00e4 oikeuden oman harkintansa mukaan muuttaa tai korvata n\u00e4it\u00e4 ehtoja milloin tahansa.\nJos teemme olennaisia muutoksia, ilmoitamme sinulle siit\u00e4 l\u00e4hett\u00e4m\u00e4ll\u00e4 s\u00e4hk\u00f6postia verkkosivustollemme tai l\u00e4hett\u00e4m\u00e4ll\u00e4 sinulle s\u00e4hk\u00f6postia tai muun viestin ennen muutosten voimaantuloa. Ilmoituksessa m\u00e4\u00e4r\u00e4t\u00e4\u00e4n kohtuullinen aika, jonka j\u00e4lkeen uudet ehdot tulevat voimaan.\nJos olet eri mielt\u00e4 muutoksistamme, sinun tulee lopettaa Palveluidemme k\u00e4ytt\u00f6 ilmoitetun ilmoitusajan kuluessa tai heti, kun muutokset tulevat voimaan.\n\nPalveluidemme jatkuvaan k\u00e4ytt\u00f6\u00f6n sovelletaan uusia ehtoja.<\/pre><\/pre>\n<\/h2>\t\t\t\t\t\t\t\t<\/div>\n\t\t\t\t<\/div>\n\t\t\t\t\t<\/div>\n\t\t<\/div>\n\t\t\t\t\t<\/div>\n\t\t<\/section>\n\t\t\t\t<\/div>\n\t\t","protected":false},"excerpt":{"rendered":"<p>K\u00e4ytt\u00f6ehdot N\u00e4m\u00e4 ehdot s\u00e4\u00e4ntelev\u00e4t p\u00e4\u00e4sy\u00e4si kaikkiin Opare A. Y-tunnus 3140484-1: n yll\u00e4pit\u00e4m\u00e4\u00e4n sis\u00e4lt\u00f6\u00f6n, tuotteisiin ja palveluihin, jotka ovat saatavilla https:\/\/www.roskalava.net -sivustolla. Sinun p\u00e4\u00e4sy palveluihimme edellytt\u00e4\u00e4, ett\u00e4 hyv\u00e4ksyt kaikki muut ehdot ja kaikki muut julkaisetut k\u00e4ytt\u00f6ehdot ja k\u00e4yt\u00e4nn\u00f6t, joita voimme julkaista ajoittain, ilman muutoksia. Lue sopimus huolellisesti ennen palveluun p\u00e4\u00e4sy\u00e4 tai k\u00e4ytt\u00f6\u00e4. K\u00e4ytt\u00e4m\u00e4ll\u00e4 mit\u00e4 tahansa palvelumme<\/p>\n","protected":false},"author":1,"featured_media":0,"parent":0,"menu_order":0,"comment_status":"closed","ping_status":"closed","template":"templates\/blank.php","meta":{"_rtcl_gb_attr":"","footnotes":""},"class_list":["post-3126","page","type-page","status-publish","hentry"],"_links":{"self":[{"href":"https:\/\/www.roskalava.net\/fi\/wp-json\/wp\/v2\/pages\/3126","targetHints":{"allow":["GET"]}}],"collection":[{"href":"https:\/\/www.roskalava.net\/fi\/wp-json\/wp\/v2\/pages"}],"about":[{"href":"https:\/\/www.roskalava.net\/fi\/wp-json\/wp\/v2\/types\/page"}],"author":[{"embeddable":true,"href":"https:\/\/www.roskalava.net\/fi\/wp-json\/wp\/v2\/users\/1"}],"replies":[{"embeddable":true,"href":"https:\/\/www.roskalava.net\/fi\/wp-json\/wp\/v2\/comments?post=3126"}],"version-history":[{"count":4,"href":"https:\/\/www.roskalava.net\/fi\/wp-json\/wp\/v2\/pages\/3126\/revisions"}],"predecessor-version":[{"id":3141,"href":"https:\/\/www.roskalava.net\/fi\/wp-json\/wp\/v2\/pages\/3126\/revisions\/3141"}],"wp:attachment":[{"href":"https:\/\/www.roskalava.net\/fi\/wp-json\/wp\/v2\/media?parent=3126"}],"curies":[{"name":"wp","href":"https:\/\/api.w.org\/{rel}","templated":true}]}}