{"id":3129,"date":"2023-08-09T09:41:20","date_gmt":"2023-08-09T09:41:20","guid":{"rendered":"https:\/\/www.roskalava.net\/tietosuojakaytanto\/"},"modified":"2023-08-09T10:09:30","modified_gmt":"2023-08-09T10:09:30","slug":"tietosuojakaytanto","status":"publish","type":"page","link":"https:\/\/www.roskalava.net\/fi\/tietosuojakaytanto\/","title":{"rendered":"Tietosuojak\u00e4yt\u00e4nt\u00f6"},"content":{"rendered":"\t\t<div data-elementor-type=\"wp-page\" data-elementor-id=\"3129\" class=\"elementor elementor-3129 elementor-3097\">\n\t\t\t\t\t\t<section class=\"elementor-section elementor-top-section elementor-element elementor-element-2af8600 elementor-section-boxed elementor-section-height-default elementor-section-height-default rt-parallax-bg-no\" data-id=\"2af8600\" data-element_type=\"section\">\n\t\t\t\t\t\t<div class=\"elementor-container elementor-column-gap-default\">\n\t\t\t\t\t<div class=\"elementor-column elementor-col-100 elementor-top-column elementor-element elementor-element-be6bd06\" data-id=\"be6bd06\" data-element_type=\"column\">\n\t\t\t<div class=\"elementor-widget-wrap elementor-element-populated\">\n\t\t\t\t\t\t<div class=\"elementor-element elementor-element-4dd5ff7 elementor-widget elementor-widget-text-editor\" data-id=\"4dd5ff7\" data-element_type=\"widget\" data-widget_type=\"text-editor.default\">\n\t\t\t\t<div class=\"elementor-widget-container\">\n\t\t\t\t\t\t\t\t\t<h2><span style=\"background-color: inherit;\">Tietosuojak\u00e4yt\u00e4nt\u00f6<\/span><\/h2>\n<div><span style=\"background-color: inherit;\"><br><\/span><\/div>\n<div>\n<pre style=\"user-select: text; font-family: &quot;Courier New&quot;, Courier, monospace, arial, sans-serif; margin-bottom: 0px; background-color: rgb(255, 255, 255); color: rgb(0, 0, 0); font-size: 14px;\">Tietosuojak\u00e4yt\u00e4nt\u00f6\n\nTervetuloa (www.roskalava.net). Ymm\u00e4rr\u00e4mme, ett\u00e4 verkkotietosuoja on t\u00e4rke\u00e4 sivustojemme k\u00e4ytt\u00e4jille, etenkin liiketoiminnan aikana. T\u00e4m\u00e4 lausunto koskee tietosuojak\u00e4yt\u00e4nt\u00f6j\u00e4mme suhteessa niihin Sivuston k\u00e4ytt\u00e4jiin (\u201dVierailijat\u201d), jotka k\u00e4yv\u00e4t ilman liiketoimintaa, ja Vierailijoihin, jotka ilmoittautuvat harjoittamaan liiketoimintaa Sivustolla ja k\u00e4ytt\u00e4v\u00e4t (yhdess\u00e4 \u201dPalvelut\u201d) tarjoamia erilaisia palveluita. (\u201dValtuutetut asiakkaat\u201d).\n\n\u201dHenkil\u00f6kohtaisesti tunnistettavissa olevilla tiedoilla\u201d tarkoitetaan kaikkia tietoja, jotka yksil\u00f6iv\u00e4t tai joita voidaan k\u00e4ytt\u00e4\u00e4 henkil\u00f6iden tunnistamiseen, yhteydenpitoon tai paikantamiseen, mukaan lukien nimi, osoite, puhelinnumero, faksinumero, s\u00e4hk\u00f6postiosoite, taloudelliset profiilit, sosiaaliturvatunnus ja luottokorttitiedot. Henkil\u00f6kohtaisesti tunnistettavissa oleviin tietoihin ei sis\u00e4lly tietoja, jotka on ker\u00e4tty nimett\u00f6m\u00e4sti (ts. Ilman yksitt\u00e4isen k\u00e4ytt\u00e4j\u00e4n tunnistamista), tai v\u00e4est\u00f6tietoja, joita ei ole liitetty tunnistettuun yksikk\u00f6\u00f6n.\n\n\nMit\u00e4 henkil\u00f6kohtaisesti tunnistettavia tietoja ker\u00e4t\u00e4\u00e4n?\n\nVoimme ker\u00e4t\u00e4 perustiedot k\u00e4ytt\u00e4j\u00e4profiilista kaikilta vierailijoiltamme. Ker\u00e4\u00e4mme seuraavat lis\u00e4tiedot valtuutetuilta asiakkailtamme: valtuutettujen asiakkaiden nimet, osoitteet, puhelinnumerot ja s\u00e4hk\u00f6postiosoitteet, yrityksen luonne ja koko sek\u00e4 mainosjakauman luonne ja koko, jonka valtuutettu asiakas aikoo ostaa tai myyd\u00e4.\n\nMitk\u00e4 organisaatiot ker\u00e4\u00e4v\u00e4t tietoja?\n\nSuoran tiedonkeruun lis\u00e4ksi kolmansien osapuolien palveluntarjoajat (kuten luottokorttiyhti\u00f6t, selvityskeskukset ja pankit), jotka voivat tarjota sellaisia palveluja kuin luotto-, vakuutus- ja escrow-palvelut, voivat ker\u00e4t\u00e4 n\u00e4it\u00e4 tietoja k\u00e4vij\u00f6ilt\u00e4mme ja valtuutetuilta asiakkailtamme. Emme hallitse sit\u00e4, kuinka n\u00e4m\u00e4 kolmannet osapuolet k\u00e4ytt\u00e4v\u00e4t t\u00e4llaisia tietoja, mutta pyyd\u00e4mme heit\u00e4 paljastamaan, kuinka he k\u00e4ytt\u00e4v\u00e4t k\u00e4vij\u00f6ilt\u00e4 ja valtuutetuilta asiakkailta heille toimitettuja henkil\u00f6kohtaisia tietoja. Jotkut n\u00e4ist\u00e4 kolmansista osapuolista voivat olla v\u00e4litt\u00e4ji\u00e4, jotka toimivat pelk\u00e4st\u00e4\u00e4n jakeluketjun linkkin\u00e4 eiv\u00e4tk\u00e4 s\u00e4ilyt\u00e4, s\u00e4ilyt\u00e4 tai k\u00e4yt\u00e4 heille annettuja tietoja.\n\nKuinka sivusto k\u00e4ytt\u00e4\u00e4 henkil\u00f6kohtaisia tietoja?\n\nK\u00e4yt\u00e4mme henkil\u00f6kohtaisesti tunnistettavia tietoja sivuston r\u00e4\u00e4t\u00e4l\u00f6intiin, asianmukaisten palvelutarjousten tekemiseen ja sivuston osto- ja myyntipyynt\u00f6jen t\u00e4ytt\u00e4miseen. Voimme l\u00e4hett\u00e4\u00e4 k\u00e4vij\u00f6ille ja valtuutetuille asiakkaille s\u00e4hk\u00f6postia Sivuston tutkimus- tai osto- ja myyntimahdollisuuksista tai sivuston aiheeseen liittyvist\u00e4 tiedoista. Voimme k\u00e4ytt\u00e4\u00e4 henkil\u00f6kohtaisesti tunnistettavia tietoja my\u00f6s ottaaksesi yhteytt\u00e4 vierailijoihin ja valtuutettuihin asiakkaisiin vastauksena tiettyihin tiedusteluihin tai pyydettyjen tietojen toimittamiseen.\n\n\n\nKenen kanssa tietoja voidaan jakaa?\n\nHenkil\u00f6kohtaisesti valtuutettuja asiakkaita koskevia tunnistettavia tietoja voidaan jakaa muiden kanssa\nValtuutetut asiakkaat, jotka haluavat arvioida mahdollisia liiketoimia muiden valtuutettujen asiakkaiden kanssa. Voimme jakaa yhdistettyj\u00e4 tietoja vierailijoistamme, mukaan lukien k\u00e4vij\u00f6idemme ja valtuutettujen asiakkaidemme demografiset tiedot, tyt\u00e4ryhti\u00f6idemme ja ulkopuolisten toimittajien kanssa. Tarjoamme my\u00f6s mahdollisuuden \"poistua\" tietojen vastaanottamisesta tai ottaa yhteytt\u00e4 meihin tai mihin tahansa meid\u00e4n puolestamme toimivaan virastoon.\n\nKuinka henkil\u00f6kohtaisesti tunnistettavat tiedot tallennetaan?\n\nHenkil\u00f6kohtaisesti ker\u00e4\u00e4m\u00e4t tunnistetiedot s\u00e4ilytet\u00e4\u00e4n turvallisesti, eik\u00e4 niit\u00e4 p\u00e4\u00e4se kolmansille osapuolille tai ty\u00f6ntekij\u00f6ille, paitsi edell\u00e4 mainittua k\u00e4ytt\u00f6\u00e4 varten.\n\nMit\u00e4 valintoja vierailijoilla on tiedon ker\u00e4\u00e4mist\u00e4, k\u00e4ytt\u00f6\u00e4 ja jakelua varten?\n\nVierailijat ja valtuutetut asiakkaat voivat kielt\u00e4yty\u00e4 vastaanottamasta pyyt\u00e4m\u00e4tt\u00f6mi\u00e4 tietoja meilt\u00e4 ja \/ tai myyjilt\u00e4mme ja sidosyrityksilt\u00e4mme tai ottamalla heihin yhteytt\u00e4 vastaamalla ohjeisiin annettuihin s\u00e4hk\u00f6posteihin tai ottamalla meihin yhteytt\u00e4 osoitteessa\n\nEv\u00e4steet\n\nEv\u00e4ste on tietojono, jonka verkkosivusto tallentaa vierailijan tietokoneelle ja jonka vierailijan selain toimittaa verkkosivustolle joka kerta kun vierailija palaa. K\u00e4ytet\u00e4\u00e4nk\u00f6 sivustossa ev\u00e4steit\u00e4?\n\n\nEv\u00e4steit\u00e4 k\u00e4ytet\u00e4\u00e4n monista syist\u00e4. K\u00e4yt\u00e4mme ev\u00e4steit\u00e4 saadaksesi tietoa k\u00e4vij\u00f6idemme mieltymyksist\u00e4 ja heid\u00e4n valitsemistaan palveluista. K\u00e4yt\u00e4mme ev\u00e4steit\u00e4 my\u00f6s turvallisuustarkoituksiin valtuutettujen asiakkaidemme suojelemiseksi. Esimerkiksi, jos valtuutettu asiakas on kirjautunut sis\u00e4\u00e4n ja sivustoa ei k\u00e4ytet\u00e4 yli 10 minuuttiin, kirjaamme valtuutetun asiakkaan automaattisesti pois p\u00e4\u00e4lt\u00e4. Vierailijoiden, jotka eiv\u00e4t halua asettaa ev\u00e4steit\u00e4 tietokoneilleen, tulisi asettaa selaimessa kielt\u00e4ytym\u00e4\u00e4n ev\u00e4steiden k\u00e4yt\u00f6st\u00e4 ennen k\u00e4ytt\u00f6\u00e4, sill\u00e4 haittana on, ett\u00e4 tietyt verkkosivuston ominaisuudet eiv\u00e4t ehk\u00e4 toimi kunnolla ilman ev\u00e4steiden apua.\n\nPalveluntarjoajamme k\u00e4ytt\u00e4m\u00e4t ev\u00e4steet Palveluntarjoajamme k\u00e4ytt\u00e4v\u00e4t ev\u00e4steit\u00e4, ja n\u00e4it\u00e4 ev\u00e4steit\u00e4 voidaan tallentaa tietokoneellesi, kun k\u00e4yt verkkosivustollamme. L\u00f6yd\u00e4t lis\u00e4tietoja ev\u00e4steiden k\u00e4yt\u00f6st\u00e4 ev\u00e4steiden tietosivulta. Kuinka kirjautumistietoja k\u00e4ytet\u00e4\u00e4n?\n\nk\u00e4ytt\u00e4\u00e4 kirjautumistietoja, mukaan lukien, mutta n\u00e4ihin rajoittumatta, IP-osoitteet, Internet-palveluntarjoajat ja selaintyypit analysoidakseen trendej\u00e4, hallinnoimaan Sivustoa, seuraamaan k\u00e4ytt\u00e4j\u00e4n liikkumista ja k\u00e4ytt\u00f6\u00e4 ja ker\u00e4\u00e4m\u00e4\u00e4n laajaa v\u00e4est\u00f6tietoa.\n\n\nMill\u00e4 yhteisty\u00f6kumppaneilla tai palveluntarjoajilla on p\u00e4\u00e4sy sivuston k\u00e4vij\u00f6iden ja \/ tai valtuutettujen asiakkaiden henkil\u00f6kohtaisesti tunnistettaviin tietoihin?\n\non solminut ja jatkaa kumppanuuksia ja muita yhteyksi\u00e4 useiden myyjien kanssa. T\u00e4llaisilla myyjill\u00e4 voi olla p\u00e4\u00e4sy tiettyihin henkil\u00f6kohtaisesti tunnistettaviin tietoihin, joiden on oltava tarpeen tiet\u00e4\u00e4 perusteet valtuutettujen asiakkaiden arvioimiseksi palvelun kelpoisuudesta. Tietosuojak\u00e4yt\u00e4nt\u00f6mme ei kata heid\u00e4n tietojen ker\u00e4\u00e4mist\u00e4 tai k\u00e4ytt\u00f6\u00e4. Henkil\u00f6kohtaisesti tunnistettavien tietojen paljastaminen lain noudattamiseksi. Paljastamme henkil\u00f6kohtaisesti tunnistettavia tietoja noudattaaksemme tuomioistuimen m\u00e4\u00e4r\u00e4yst\u00e4 tai haastetta tai lainvalvontaviranomaisen pyynt\u00f6\u00e4 tietojen luovuttamiseksi. Paljastamme my\u00f6s henkil\u00f6kohtaisesti tunnistettavia tietoja, kun se on kohtuudella tarpeen vierailijoidemme ja valtuutettujen asiakkaidemme turvallisuuden suojelemiseksi.\n\n\nKuinka sivusto pit\u00e4\u00e4 henkil\u00f6kohtaisesti tunnistettavat tiedot turvassa?\n\nKaikki ty\u00f6ntekij\u00e4mme tuntevat turvallisuuspolitiikkamme ja k\u00e4yt\u00e4nteemme. Vierailijoidemme ja valtuutettujen asiakkaidemme henkil\u00f6kohtaisesti tunnistettavat tiedot ovat saatavissa vain rajoitetulle m\u00e4\u00e4r\u00e4lle p\u00e4tevi\u00e4 ty\u00f6ntekij\u00f6it\u00e4, joille on annettu salasana tietojen saamiseksi. Tarkastamme turvallisuusj\u00e4rjestelmi\u00e4mme ja prosessejamme s\u00e4\u00e4nn\u00f6llisesti. Arkaluonteisia tietoja, kuten luottokorttinumeroita tai sosiaaliturvatunnuksia, suojataan salausprotokollalla, jotta Internetin kautta l\u00e4hetettyj\u00e4 tietoja voidaan suojata. Vaikka ryhdymme kaupallisesti kohtuullisiin toimenpiteisiin turvallisen sivuston yll\u00e4pit\u00e4miseksi, s\u00e4hk\u00f6isess\u00e4 viestinn\u00e4ss\u00e4 ja tietokannoissa esiintyy virheit\u00e4, peukalointia ja murtautumisia. Emme voi taata tai taata, ett\u00e4 t\u00e4llaisia tapahtumia ei tapahdu, emmek\u00e4 ole vastuussa vierailijoille tai Valtuutetut asiakkaat t\u00e4llaisista tapauksista.\n\nKuinka k\u00e4vij\u00e4t voivat korjata henkil\u00f6kohtaisesti tunnistettavissa olevien tietojen ep\u00e4tarkkuudet?\n\nVierailijat ja valtuutetut asiakkaat voivat ottaa meihin yhteytt\u00e4 p\u00e4ivitt\u00e4\u00e4ksemme heit\u00e4 koskevia henkil\u00f6kohtaisia tietoja tai korjatakseen ep\u00e4tarkkuudet l\u00e4hett\u00e4m\u00e4ll\u00e4 meille s\u00e4hk\u00f6postia osoitteeseen. Voiko k\u00e4vij\u00e4 poistaa tai poistaa k\u00e4yt\u00f6st\u00e4 sivuston ker\u00e4\u00e4m\u00e4t henkil\u00f6kohtaisesti tunnistettavat tiedot? Tarjoamme vierailijoille ja valtuutetuille asiakkaille mekanismin, jonka avulla henkil\u00f6kohtaisesti tunnistettavat tiedot voidaan poistaa \/ deaktivoida sivuston tietokannasta ottamalla yhteytt\u00e4. Varmuuskopioiden ja poistettujen tiedostojen takia voi kuitenkin olla mahdotonta poistaa vierailijan merkint\u00e4\u00e4 s\u00e4ilytt\u00e4m\u00e4tt\u00e4 joitain j\u00e4ljell\u00e4 olevia tietoja. Henkil\u00f6, joka pyyt\u00e4\u00e4 henkil\u00f6kohtaisten tunnistetietojen deaktivointia, poistaa n\u00e4m\u00e4 tiedot toiminnallisesti, emmek\u00e4 myy, siirr\u00e4 tai k\u00e4yt\u00e4 henkil\u00f6kohtaisia tietoja, jotka liittyv\u00e4t kyseiseen henkil\u00f6\u00f6n mill\u00e4\u00e4n tavalla eteenp\u00e4in. Sinun oikeutesi\n\nN\u00e4m\u00e4 ovat yhteenvetoja oikeuksista, jotka sinulla on tietosuojalain nojalla\n\n\u2022 K\u00e4ytt\u00f6oikeus\n\n\u2022 Oikeus oikaisuun\n\n\u2022 Oikeus poistaa\n\n\u2022 Oikeus rajoittaa k\u00e4sittely\u00e4\n\n\u2022 Oikeus vastustaa k\u00e4sittely\u00e4\n\n\u2022 Oikeus tietojen siirrett\u00e4vyyteen\n\n\u2022 Oikeus valittaa valvontaviranomaiselta\n\n\u2022 Oikeus peruuttaa suostumus\n\nMit\u00e4 tapahtuu, jos tietosuojak\u00e4yt\u00e4nt\u00f6 muuttuu?\n\nKerromme vierailijoillemme ja valtuutetuille asiakkaillemme tietosuojak\u00e4yt\u00e4nt\u00f6mme muutoksista l\u00e4hett\u00e4m\u00e4ll\u00e4 t\u00e4llaiset muutokset Sivustolle. Jos kuitenkin muutamme tietosuojak\u00e4yt\u00e4nt\u00f6\u00e4mme tavalla, joka saattaa aiheuttaa sellaisten henkil\u00f6kohtaisesti tunnistettavien tietojen paljastamisen, joita vierailija tai valtuutettu asiakas on aiemmin pyyt\u00e4nyt paljastamatta, otamme yhteytt\u00e4 t\u00e4llaiseen vierailijaan tai valtuutettuun asiakkaaseen, jotta t\u00e4llainen k\u00e4vij\u00e4 tai valtuutettu asiakas voi est\u00e4\u00e4 t\u00e4llainen paljastaminen.\n\nlinkit:\n\nsis\u00e4lt\u00e4\u00e4 linkkej\u00e4 muille verkkosivustoille. Huomaa, ett\u00e4 kun napsautat yht\u00e4 n\u00e4ist\u00e4 linkeist\u00e4, siirryt toiselle verkkosivustolle. Kehotamme sinua lukemaan n\u00e4iden linkitettyjen sivustojen tietosuojalausunnot, koska niiden tietosuojak\u00e4yt\u00e4nn\u00f6t saattavat poiketa omista.\n<\/pre><\/div><div><br><\/div>\n<div>&nbsp;<\/div>\t\t\t\t\t\t\t\t<\/div>\n\t\t\t\t<\/div>\n\t\t\t\t\t<\/div>\n\t\t<\/div>\n\t\t\t\t\t<\/div>\n\t\t<\/section>\n\t\t\t\t<\/div>\n\t\t","protected":false},"excerpt":{"rendered":"<p>Tietosuojak\u00e4yt\u00e4nt\u00f6 Tietosuojak\u00e4yt\u00e4nt\u00f6 Tervetuloa (www.roskalava.net). Ymm\u00e4rr\u00e4mme, ett\u00e4 verkkotietosuoja on t\u00e4rke\u00e4 sivustojemme k\u00e4ytt\u00e4jille, etenkin liiketoiminnan aikana. T\u00e4m\u00e4 lausunto koskee tietosuojak\u00e4yt\u00e4nt\u00f6j\u00e4mme suhteessa niihin Sivuston k\u00e4ytt\u00e4jiin (\u201dVierailijat\u201d), jotka k\u00e4yv\u00e4t ilman liiketoimintaa, ja Vierailijoihin, jotka ilmoittautuvat harjoittamaan liiketoimintaa Sivustolla ja k\u00e4ytt\u00e4v\u00e4t (yhdess\u00e4 \u201dPalvelut\u201d) tarjoamia erilaisia palveluita. (\u201dValtuutetut asiakkaat\u201d). \u201dHenkil\u00f6kohtaisesti tunnistettavissa olevilla tiedoilla\u201d tarkoitetaan kaikkia tietoja, jotka yksil\u00f6iv\u00e4t tai joita voidaan<\/p>\n","protected":false},"author":1,"featured_media":0,"parent":0,"menu_order":0,"comment_status":"closed","ping_status":"closed","template":"templates\/blank.php","meta":{"_rtcl_gb_attr":"","footnotes":""},"class_list":["post-3129","page","type-page","status-publish","hentry"],"_links":{"self":[{"href":"https:\/\/www.roskalava.net\/fi\/wp-json\/wp\/v2\/pages\/3129","targetHints":{"allow":["GET"]}}],"collection":[{"href":"https:\/\/www.roskalava.net\/fi\/wp-json\/wp\/v2\/pages"}],"about":[{"href":"https:\/\/www.roskalava.net\/fi\/wp-json\/wp\/v2\/types\/page"}],"author":[{"embeddable":true,"href":"https:\/\/www.roskalava.net\/fi\/wp-json\/wp\/v2\/users\/1"}],"replies":[{"embeddable":true,"href":"https:\/\/www.roskalava.net\/fi\/wp-json\/wp\/v2\/comments?post=3129"}],"version-history":[{"count":4,"href":"https:\/\/www.roskalava.net\/fi\/wp-json\/wp\/v2\/pages\/3129\/revisions"}],"predecessor-version":[{"id":3138,"href":"https:\/\/www.roskalava.net\/fi\/wp-json\/wp\/v2\/pages\/3129\/revisions\/3138"}],"wp:attachment":[{"href":"https:\/\/www.roskalava.net\/fi\/wp-json\/wp\/v2\/media?parent=3129"}],"curies":[{"name":"wp","href":"https:\/\/api.w.org\/{rel}","templated":true}]}}