{"id":3131,"date":"2023-08-09T09:41:42","date_gmt":"2023-08-09T09:41:42","guid":{"rendered":"https:\/\/www.roskalava.net\/evasteet\/"},"modified":"2023-08-09T10:07:50","modified_gmt":"2023-08-09T10:07:50","slug":"evasteet","status":"publish","type":"page","link":"https:\/\/www.roskalava.net\/fi\/evasteet\/","title":{"rendered":"Ev\u00e4steet"},"content":{"rendered":"\t\t<div data-elementor-type=\"wp-page\" data-elementor-id=\"3131\" class=\"elementor elementor-3131 elementor-3098\">\n\t\t\t\t\t\t<section class=\"elementor-section elementor-top-section elementor-element elementor-element-2af8600 elementor-section-boxed elementor-section-height-default elementor-section-height-default rt-parallax-bg-no\" data-id=\"2af8600\" data-element_type=\"section\">\n\t\t\t\t\t\t<div class=\"elementor-container elementor-column-gap-default\">\n\t\t\t\t\t<div class=\"elementor-column elementor-col-100 elementor-top-column elementor-element elementor-element-be6bd06\" data-id=\"be6bd06\" data-element_type=\"column\">\n\t\t\t<div class=\"elementor-widget-wrap elementor-element-populated\">\n\t\t\t\t\t\t<div class=\"elementor-element elementor-element-4dd5ff7 elementor-widget elementor-widget-text-editor\" data-id=\"4dd5ff7\" data-element_type=\"widget\" data-widget_type=\"text-editor.default\">\n\t\t\t\t<div class=\"elementor-widget-container\">\n\t\t\t\t\t\t\t\t\t<h2><span style=\"background-color: inherit;\">Ev\u00e4steet<\/span><\/h2>\n<h2>\n<pre style=\"user-select: text; font-family: &quot;Courier New&quot;, Courier, monospace, arial, sans-serif; margin-bottom: 0px; background-color: rgb(255, 255, 255); color: rgb(0, 0, 0); font-size: 14px; font-weight: 400;\"><pre class=\"aLF-aPX-K0-aPE\" style=\"user-select: text; font-family: &quot;Courier New&quot;, Courier, monospace, arial, sans-serif; margin-bottom: 0px; background-color: rgb(255, 255, 255); color: rgb(0, 0, 0); font-size: 14px;\">Tietoja ev\u00e4stepolitiikasta\n\nEv\u00e4stepolitiikka selitt\u00e4\u00e4, mit\u00e4 ev\u00e4steet ovat ja miten niit\u00e4 k\u00e4ytet\u00e4\u00e4n. Sinun tulee lukea t\u00e4m\u00e4 k\u00e4yt\u00e4nt\u00f6 ymm\u00e4rt\u00e4\u00e4ksesi mit\u00e4 ev\u00e4steet ovat, kuinka niit\u00e4 k\u00e4yt\u00e4mme, ev\u00e4stetyyppej\u00e4, joita me k\u00e4yt\u00e4mme, ev\u00e4steiden avulla ker\u00e4\u00e4mi\u00e4mme tietoja ja kuinka n\u00e4it\u00e4 tietoja k\u00e4ytet\u00e4\u00e4n ja miten ev\u00e4steasetuksia voidaan hallita. Lis\u00e4tietoja henkil\u00f6tietojemme k\u00e4yt\u00f6st\u00e4, tallentamisesta ja suojaamisesta on tietosuojak\u00e4yt\u00e4nn\u00f6ss\u00e4.\n\nVoit milloin tahansa muuttaa tai peruuttaa suostumuksesi ev\u00e4steiden ilmoituksesta verkkosivustollamme.Lis\u00e4tietoja siit\u00e4, keit\u00e4 me olemme, kuinka voit ottaa meihin yhteytt\u00e4 ja miten k\u00e4sittelemme henkil\u00f6tietoja tietosuojak\u00e4yt\u00e4nn\u00f6ss\u00e4mme.\n\nSuostumuksesi koskee seuraavia verkkotunnuksia: www.nordicevents.fi\nNykyinen tila: suostumus hyv\u00e4ksytty. Hallitse suostumustasi.\n\nMit\u00e4 ev\u00e4steet ovat?\n\nEv\u00e4steet ovat pieni\u00e4 tekstitiedostoja, joita k\u00e4ytet\u00e4\u00e4n pienten tietojen palauttamiseen. Ev\u00e4steet tallennetaan laitteellesi, kun verkkosivusto ladataan selaimeesi. N\u00e4m\u00e4 ev\u00e4steet auttavat meit\u00e4 saamaan verkkosivuston toimimaan oikein, tekem\u00e4\u00e4n verkkosivustosta turvallisemman, tarjoamaan paremman k\u00e4ytt\u00f6kokemuksen ja ymm\u00e4rt\u00e4m\u00e4\u00e4n verkkosivuston toimintakyky\u00e4 sek\u00e4 analysoimaan, mik\u00e4 toimii ja miss\u00e4 sit\u00e4 on parannettava.\n\nKuinka k\u00e4yt\u00e4mme ev\u00e4steit\u00e4?\n\nKuten suurin osa verkkopalveluista, verkkosivustomme k\u00e4ytt\u00e4\u00e4 ev\u00e4steit\u00e4 ja kolmansien osapuolien ev\u00e4steit\u00e4 useisiin tarkoituksiin. Ensimm\u00e4isen osapuolen ev\u00e4steet ovat enimm\u00e4kseen v\u00e4ltt\u00e4m\u00e4tt\u00f6mi\u00e4 verkkosivuston oikealle toiminnalle, eiv\u00e4tk\u00e4 ne ker\u00e4\u00e4 henkil\u00f6kohtaisia tietojasi.\n\nVerkkosivuillamme k\u00e4ytettyj\u00e4 kolmansien osapuolien ev\u00e4steit\u00e4 k\u00e4ytet\u00e4\u00e4n p\u00e4\u00e4asiassa ymm\u00e4rt\u00e4m\u00e4\u00e4n verkkosivuston suorituskyky\u00e4, miten olet vuorovaikutuksessa verkkosivustomme kanssa, pit\u00e4m\u00e4\u00e4n palvelumme turvallisina, tarjoamaan sinulle merkityksellisi\u00e4 mainoksia ja tarjoamaan kaiken kaikkiaan parempaa ja parannettua. k\u00e4ytt\u00f6kokemus ja auttaa nopeuttamaan tulevaa vuorovaikutustasi verkkosivustomme kanssa.\n\nMillaisia ev\u00e4steit\u00e4 k\u00e4yt\u00e4mme?\n\nOleellista: Jotkut ev\u00e4steet ovat v\u00e4ltt\u00e4m\u00e4tt\u00f6mi\u00e4, jotta voit kokea sivustomme kaikki toiminnot. Niiden avulla voimme yll\u00e4pit\u00e4\u00e4 k\u00e4ytt\u00e4j\u00e4istuntoja ja est\u00e4\u00e4 tietoturvauhat. He eiv\u00e4t ker\u00e4\u00e4 tai tallenna henkil\u00f6kohtaisia tietoja. Esimerkiksi n\u00e4iden ev\u00e4steiden avulla voit kirjautua sis\u00e4\u00e4n tilillesi ja lis\u00e4t\u00e4 tuotteita koriin ja kassalle turvallisesti.\n\nTilastot: N\u00e4m\u00e4 ev\u00e4steet tallentavat tietoja, kuten verkkosivustossa k\u00e4vij\u00f6iden lukum\u00e4\u00e4r\u00e4, yksitt\u00e4isten k\u00e4vij\u00f6iden lukum\u00e4\u00e4r\u00e4, mill\u00e4 verkkosivuston sivuilla on k\u00e4ynyt, k\u00e4yntil\u00e4hde jne. N\u00e4m\u00e4 tiedot auttavat meit\u00e4 ymm\u00e4rt\u00e4m\u00e4\u00e4n ja analysoimaan verkkosivuston suorituskyky\u00e4 ja miss\u00e4 sit\u00e4 on parannettava.\n\nMarkkinointi: Verkkosivumme n\u00e4ytt\u00e4\u00e4 mainoksia. N\u00e4it\u00e4 ev\u00e4steit\u00e4 k\u00e4ytet\u00e4\u00e4n r\u00e4\u00e4t\u00e4l\u00f6im\u00e4\u00e4n sinulle n\u00e4ytettyj\u00e4 mainoksia niin, ett\u00e4 ne ovat merkityksellisi\u00e4 sinulle. N\u00e4m\u00e4 ev\u00e4steet auttavat meit\u00e4 my\u00f6s seuraamaan n\u00e4iden mainoskampanjoiden tehokkuutta. N\u00e4iden ev\u00e4steiden tietoja voidaan my\u00f6s k\u00e4ytt\u00e4\u00e4 kolmannen osapuolen mainostoimittajien avulla n\u00e4ytt\u00e4\u00e4ksesi mainoksia my\u00f6s muilla selaimen verkkosivustoilla.\n\nToiminnallinen: N\u00e4m\u00e4 ovat ev\u00e4steet, jotka auttavat tiettyj\u00e4 ei-v\u00e4ltt\u00e4m\u00e4tt\u00f6mi\u00e4 toimintoja verkkosivustollamme. N\u00e4m\u00e4 toiminnot sis\u00e4lt\u00e4v\u00e4t sis\u00e4ll\u00f6n upottamisen, kuten videot, tai sis\u00e4ll\u00f6n jakamisen verkkosivustolle sosiaalisen median alustoilla.\n\nAsetukset: N\u00e4m\u00e4 ev\u00e4steet auttavat meit\u00e4 tallentamaan asetukset ja selausasetukset, kuten kieliasetukset, jotta sinulla olisi parempi ja tehokkaampi kokemus tulevista verkkosivustovierailuista.\n\nKuinka voin hallita ev\u00e4steasetuksia?\n\nJos p\u00e4\u00e4t\u00e4t muuttaa asetuksiasi my\u00f6hemmin selausistunnon aikana, voit napsauttaa ruudun Tietosuoja ja ev\u00e4steet -v\u00e4lilehte\u00e4. N\u00e4ytt\u00f6\u00f6n tulee j\u00e4lleen suostumusta koskeva ilmoitus, jonka avulla voit muuttaa mieltymyksi\u00e4si tai peruuttaa suostumuksesi kokonaan. T\u00e4m\u00e4n lis\u00e4ksi eri selaimet tarjoavat erilaisia tapoja est\u00e4\u00e4 ja poistaa verkkosivustojen k\u00e4ytt\u00e4mi\u00e4 ev\u00e4steit\u00e4. Voit muuttaa selaimesi asetuksia est\u00e4m\u00e4\u00e4n \/ poistamaan ev\u00e4steet. Lis\u00e4tietoja ev\u00e4steiden hallinnasta ja poistamisesta saat osoitteesta wikipedia.org, www.allaboutcookies.org<\/pre>\n\n\n\n\n<\/pre>\n<\/h2>\t\t\t\t\t\t\t\t<\/div>\n\t\t\t\t<\/div>\n\t\t\t\t\t<\/div>\n\t\t<\/div>\n\t\t\t\t\t<\/div>\n\t\t<\/section>\n\t\t\t\t<\/div>\n\t\t","protected":false},"excerpt":{"rendered":"<p>Ev\u00e4steet Tietoja ev\u00e4stepolitiikasta Ev\u00e4stepolitiikka selitt\u00e4\u00e4, mit\u00e4 ev\u00e4steet ovat ja miten niit\u00e4 k\u00e4ytet\u00e4\u00e4n. Sinun tulee lukea t\u00e4m\u00e4 k\u00e4yt\u00e4nt\u00f6 ymm\u00e4rt\u00e4\u00e4ksesi mit\u00e4 ev\u00e4steet ovat, kuinka niit\u00e4 k\u00e4yt\u00e4mme, ev\u00e4stetyyppej\u00e4, joita me k\u00e4yt\u00e4mme, ev\u00e4steiden avulla ker\u00e4\u00e4mi\u00e4mme tietoja ja kuinka n\u00e4it\u00e4 tietoja k\u00e4ytet\u00e4\u00e4n ja miten ev\u00e4steasetuksia voidaan hallita. Lis\u00e4tietoja henkil\u00f6tietojemme k\u00e4yt\u00f6st\u00e4, tallentamisesta ja suojaamisesta on tietosuojak\u00e4yt\u00e4nn\u00f6ss\u00e4. Voit milloin tahansa muuttaa tai<\/p>\n","protected":false},"author":1,"featured_media":0,"parent":0,"menu_order":0,"comment_status":"closed","ping_status":"closed","template":"templates\/blank.php","meta":{"_rtcl_gb_attr":"","footnotes":""},"class_list":["post-3131","page","type-page","status-publish","hentry"],"_links":{"self":[{"href":"https:\/\/www.roskalava.net\/fi\/wp-json\/wp\/v2\/pages\/3131","targetHints":{"allow":["GET"]}}],"collection":[{"href":"https:\/\/www.roskalava.net\/fi\/wp-json\/wp\/v2\/pages"}],"about":[{"href":"https:\/\/www.roskalava.net\/fi\/wp-json\/wp\/v2\/types\/page"}],"author":[{"embeddable":true,"href":"https:\/\/www.roskalava.net\/fi\/wp-json\/wp\/v2\/users\/1"}],"replies":[{"embeddable":true,"href":"https:\/\/www.roskalava.net\/fi\/wp-json\/wp\/v2\/comments?post=3131"}],"version-history":[{"count":4,"href":"https:\/\/www.roskalava.net\/fi\/wp-json\/wp\/v2\/pages\/3131\/revisions"}],"predecessor-version":[{"id":3135,"href":"https:\/\/www.roskalava.net\/fi\/wp-json\/wp\/v2\/pages\/3131\/revisions\/3135"}],"wp:attachment":[{"href":"https:\/\/www.roskalava.net\/fi\/wp-json\/wp\/v2\/media?parent=3131"}],"curies":[{"name":"wp","href":"https:\/\/api.w.org\/{rel}","templated":true}]}}