{"id":3177,"date":"2018-08-27T09:25:15","date_gmt":"2018-08-27T09:25:15","guid":{"rendered":"https:\/\/www.roskalava.net\/ota-yhteytta\/"},"modified":"2023-08-15T14:20:04","modified_gmt":"2023-08-15T14:20:04","slug":"ota-yhteytta","status":"publish","type":"page","link":"https:\/\/www.roskalava.net\/fi\/ota-yhteytta\/","title":{"rendered":"Ota yhteytt\u00e4"},"content":{"rendered":"\t\t<div data-elementor-type=\"wp-post\" data-elementor-id=\"3177\" class=\"elementor elementor-3177 elementor-329\">\n\t\t\t\t\t\t<section class=\"elementor-section elementor-top-section elementor-element elementor-element-63e525f elementor-section-boxed elementor-section-height-default elementor-section-height-default rt-parallax-bg-no\" data-id=\"63e525f\" data-element_type=\"section\">\n\t\t\t\t\t\t<div class=\"elementor-container elementor-column-gap-default\">\n\t\t\t\t\t<div class=\"elementor-column elementor-col-100 elementor-top-column elementor-element elementor-element-2588e3c\" data-id=\"2588e3c\" data-element_type=\"column\">\n\t\t\t<div class=\"elementor-widget-wrap elementor-element-populated\">\n\t\t\t\t\t\t<div class=\"elementor-element elementor-element-a2a62f3 elementor-widget elementor-widget-heading\" data-id=\"a2a62f3\" data-element_type=\"widget\" data-widget_type=\"heading.default\">\n\t\t\t\t<div class=\"elementor-widget-container\">\n\t\t\t\t\t<h3 class=\"elementor-heading-title elementor-size-default\">Ota yhteytt\u00e4<\/h3>\t\t\t\t<\/div>\n\t\t\t\t<\/div>\n\t\t\t\t\t<\/div>\n\t\t<\/div>\n\t\t\t\t\t<\/div>\n\t\t<\/section>\n\t\t\t\t<section class=\"elementor-section elementor-top-section elementor-element elementor-element-beefda9 elementor-section-boxed elementor-section-height-default elementor-section-height-default rt-parallax-bg-no\" data-id=\"beefda9\" data-element_type=\"section\">\n\t\t\t\t\t\t<div class=\"elementor-container elementor-column-gap-default\">\n\t\t\t\t\t<div class=\"elementor-column elementor-col-100 elementor-top-column elementor-element elementor-element-14f8016\" data-id=\"14f8016\" data-element_type=\"column\">\n\t\t\t<div class=\"elementor-widget-wrap elementor-element-populated\">\n\t\t\t\t\t\t<div class=\"elementor-element elementor-element-6077659 elementor-widget elementor-widget-heading\" data-id=\"6077659\" data-element_type=\"widget\" data-widget_type=\"heading.default\">\n\t\t\t\t<div class=\"elementor-widget-container\">\n\t\t\t\t\t<h3 class=\"elementor-heading-title elementor-size-default\">L\u00e4het\u00e4 meille s\u00e4hk\u00f6postia<\/h3>\t\t\t\t<\/div>\n\t\t\t\t<\/div>\n\t\t\t\t<div class=\"elementor-element elementor-element-34a4528 elementor-widget elementor-widget-rt-contact\" data-id=\"34a4528\" data-element_type=\"widget\" data-widget_type=\"rt-contact.default\">\n\t\t\t\t<div class=\"elementor-widget-container\">\n\t\t\t\t\t<div class=\"rt-el-contact\">\r\n\t<ul>\r\n\t\t\r\n\t\t\r\n\t\t\t\t\t<li><i class=\"far fa-envelope\" aria-hidden=\"true\"><\/i> <a href=\"mailto:admin@roskalava.net\">admin@roskalava.net<\/a><\/li>\r\n\t\t\r\n\t\t\t<\/ul>\r\n<\/div>\t\t\t\t<\/div>\n\t\t\t\t<\/div>\n\t\t\t\t\t<\/div>\n\t\t<\/div>\n\t\t\t\t\t<\/div>\n\t\t<\/section>\n\t\t\t\t<\/div>\n\t\t","protected":false},"excerpt":{"rendered":"<p>Ota yhteytt\u00e4 L\u00e4het\u00e4 meille s\u00e4hk\u00f6postia admin@roskalava.net<\/p>\n","protected":false},"author":1,"featured_media":0,"parent":0,"menu_order":0,"comment_status":"closed","ping_status":"closed","template":"","meta":{"_rtcl_gb_attr":"","footnotes":""},"class_list":["post-3177","page","type-page","status-publish","hentry"],"_links":{"self":[{"href":"https:\/\/www.roskalava.net\/fi\/wp-json\/wp\/v2\/pages\/3177","targetHints":{"allow":["GET"]}}],"collection":[{"href":"https:\/\/www.roskalava.net\/fi\/wp-json\/wp\/v2\/pages"}],"about":[{"href":"https:\/\/www.roskalava.net\/fi\/wp-json\/wp\/v2\/types\/page"}],"author":[{"embeddable":true,"href":"https:\/\/www.roskalava.net\/fi\/wp-json\/wp\/v2\/users\/1"}],"replies":[{"embeddable":true,"href":"https:\/\/www.roskalava.net\/fi\/wp-json\/wp\/v2\/comments?post=3177"}],"version-history":[{"count":12,"href":"https:\/\/www.roskalava.net\/fi\/wp-json\/wp\/v2\/pages\/3177\/revisions"}],"predecessor-version":[{"id":3285,"href":"https:\/\/www.roskalava.net\/fi\/wp-json\/wp\/v2\/pages\/3177\/revisions\/3285"}],"wp:attachment":[{"href":"https:\/\/www.roskalava.net\/fi\/wp-json\/wp\/v2\/media?parent=3177"}],"curies":[{"name":"wp","href":"https:\/\/api.w.org\/{rel}","templated":true}]}}