{"id":3217,"date":"2018-08-28T08:09:10","date_gmt":"2018-08-28T08:09:10","guid":{"rendered":"https:\/\/www.roskalava.net\/ukk\/"},"modified":"2023-08-14T06:07:52","modified_gmt":"2023-08-14T06:07:52","slug":"ukk","status":"publish","type":"page","link":"https:\/\/www.roskalava.net\/fi\/ukk\/","title":{"rendered":"UKK"},"content":{"rendered":"\t\t<div data-elementor-type=\"wp-post\" data-elementor-id=\"3217\" class=\"elementor elementor-3217 elementor-341\">\n\t\t\t\t\t\t<div class=\"elementor-section elementor-top-section elementor-element elementor-element-1792e3e elementor-section-boxed elementor-section-height-default elementor-section-height-default rt-parallax-bg-no\" data-id=\"1792e3e\" data-element_type=\"section\">\n\t\t\t\t\t\t<div class=\"elementor-container elementor-column-gap-default\">\n\t\t\t\t\t<div class=\"elementor-column elementor-col-100 elementor-top-column elementor-element elementor-element-2eb78f4\" data-id=\"2eb78f4\" data-element_type=\"column\">\n\t\t\t<div class=\"elementor-widget-wrap elementor-element-populated\">\n\t\t\t\t\t\t<div class=\"elementor-element elementor-element-201b6aa elementor-widget elementor-widget-heading\" data-id=\"201b6aa\" data-element_type=\"widget\" data-widget_type=\"heading.default\">\n\t\t\t\t<div class=\"elementor-widget-container\">\n\t\t\t\t\t<h3 class=\"elementor-heading-title elementor-size-default\">UKK<\/h3>\t\t\t\t<\/div>\n\t\t\t\t<\/div>\n\t\t\t\t\t<\/div>\n\t\t<\/div>\n\t\t\t\t\t<\/div>\n\t\t<\/div>\n\t\t\t\t<div class=\"elementor-section elementor-top-section elementor-element elementor-element-f41a756 elementor-section-boxed elementor-section-height-default elementor-section-height-default rt-parallax-bg-no\" data-id=\"f41a756\" data-element_type=\"section\">\n\t\t\t\t\t\t<div class=\"elementor-container elementor-column-gap-default\">\n\t\t\t\t\t<div class=\"elementor-column elementor-col-100 elementor-top-column elementor-element elementor-element-1276db5\" data-id=\"1276db5\" data-element_type=\"column\">\n\t\t\t<div class=\"elementor-widget-wrap elementor-element-populated\">\n\t\t\t\t\t\t\t<\/div>\n\t\t<\/div>\n\t\t\t\t\t<\/div>\n\t\t<\/div>\n\t\t\t\t<div class=\"elementor-section elementor-top-section elementor-element elementor-element-78806a9 elementor-section-boxed elementor-section-height-default elementor-section-height-default rt-parallax-bg-no\" data-id=\"78806a9\" data-element_type=\"section\">\n\t\t\t\t\t\t<div class=\"elementor-container elementor-column-gap-default\">\n\t\t\t\t\t<div class=\"elementor-column elementor-col-100 elementor-top-column elementor-element elementor-element-2517875\" data-id=\"2517875\" data-element_type=\"column\">\n\t\t\t<div class=\"elementor-widget-wrap elementor-element-populated\">\n\t\t\t\t\t\t<div class=\"elementor-element elementor-element-8509ea3 elementor-widget elementor-widget-rt-accordian\" data-id=\"8509ea3\" data-element_type=\"widget\" data-widget_type=\"rt-accordian.default\">\n\t\t\t\t<div class=\"elementor-widget-container\">\n\t\t\t\t\t<div class=\"rt-el-accordian\">\r\n\t<div class=\"accordion\" id=\"u-0-82340400-1776585135\">\r\n\t\t\t\t\t\t\t\t<div class=\"card\">\r\n\t\t\t\t<div class=\"card-header\">\r\n\t\t\t\t\t<a href=\"#\" class=\"collapsed\" data-toggle=\"collapse\" data-target=\"#u-0-82342800-1776585135\" aria-expanded=\"true\"> 1.Kuinka laitan ilmoituksen?<\/a>\r\n\t\t\t\t<\/div>\r\n\t\t\t\t<div id=\"u-0-82342800-1776585135\" class=\"collapse\" data-parent=\"#u-0-82340400-1776585135\">\r\n\t\t\t\t\t<div class=\"card-body\"><h4>Voit l\u00e4hett\u00e4\u00e4 mainoksesi helposti; Napsauta vain plus (+) tai J\u00e4t\u00e4 ilmoitus -kuvaketta ja kirjaudu sis\u00e4\u00e4n ja l\u00e4het\u00e4 ilmoituksesi tiedoilla. Saat ilmoituksen ilmoituksen l\u00e4hett\u00e4misen j\u00e4lkeen.<\/h4><\/div>\r\n\t\t\t\t<\/div>\r\n\t\t\t<\/div>\r\n\t\t\t\t\t\t\t\t<div class=\"card\">\r\n\t\t\t\t<div class=\"card-header\">\r\n\t\t\t\t\t<a href=\"#\" class=\"collapsed\" data-toggle=\"collapse\" data-target=\"#u-0-82365800-1776585135\" aria-expanded=\"true\"> 2.HKuinka muokkaan\/poistan mainoksiani?<\/a>\r\n\t\t\t\t<\/div>\r\n\t\t\t\t<div id=\"u-0-82365800-1776585135\" class=\"collapse\" data-parent=\"#u-0-82340400-1776585135\">\r\n\t\t\t\t\t<div class=\"card-body\"><h4>kirjaudu sis\u00e4\u00e4n ja siirry kohtaan Tili =&gt; ilmoitukseni ja saat luettelon mainoksistasi. Jokaisessa mainoksessa on poistovaihtoehto\"<\/h4><\/div>\r\n\t\t\t\t<\/div>\r\n\t\t\t<\/div>\r\n\t\t\t\t\t\t\t\t<div class=\"card\">\r\n\t\t\t\t<div class=\"card-header\">\r\n\t\t\t\t\t<a href=\"#\" class=\"collapsed\" data-toggle=\"collapse\" data-target=\"#u-0-82372100-1776585135\" aria-expanded=\"true\"> 3. Kuinka voin muokata tilitietojani?<\/a>\r\n\t\t\t\t<\/div>\r\n\t\t\t\t<div id=\"u-0-82372100-1776585135\" class=\"collapse\" data-parent=\"#u-0-82340400-1776585135\">\r\n\t\t\t\t\t<div class=\"card-body\"><h4>Kirjaudu sis\u00e4\u00e4n ja mene tililleni, saat tilisi tietojen muokkausvaihtoehdon<\/h4><\/div>\r\n\t\t\t\t<\/div>\r\n\t\t\t<\/div>\r\n\t\t\t\t\t\t\t\t<div class=\"card\">\r\n\t\t\t\t<div class=\"card-header\">\r\n\t\t\t\t\t<a href=\"#\" class=\"collapsed\" data-toggle=\"collapse\" data-target=\"#u-0-82375600-1776585135\" aria-expanded=\"true\"> 4. Kuinka aloittaa chatti jonkun kanssa?<\/a>\r\n\t\t\t\t<\/div>\r\n\t\t\t\t<div id=\"u-0-82375600-1776585135\" class=\"collapse\" data-parent=\"#u-0-82340400-1776585135\">\r\n\t\t\t\t\t<div class=\"card-body\"><h4>Napsauta mainosta; saat s\u00e4hk\u00f6postin, puhelimen ja chat-vaihtoehdon. Napauta vain chat-kuvaketta ja aloita keskustelu.<\/h4><\/div>\r\n\t\t\t\t<\/div>\r\n\t\t\t<\/div>\r\n\t\t\t<\/div>\r\n<\/div>\t\t\t\t<\/div>\n\t\t\t\t<\/div>\n\t\t\t\t\t<\/div>\n\t\t<\/div>\n\t\t\t\t\t<\/div>\n\t\t<\/div>\n\t\t\t\t<\/div>\n\t\t","protected":false},"excerpt":{"rendered":"<p>UKK 1.Kuinka laitan ilmoituksen? Voit l\u00e4hett\u00e4\u00e4 mainoksesi helposti; Napsauta vain plus (+) tai J\u00e4t\u00e4 ilmoitus -kuvaketta ja kirjaudu sis\u00e4\u00e4n ja l\u00e4het\u00e4 ilmoituksesi tiedoilla. Saat ilmoituksen ilmoituksen l\u00e4hett\u00e4misen j\u00e4lkeen. 2.HKuinka muokkaan\/poistan mainoksiani? kirjaudu sis\u00e4\u00e4n ja siirry kohtaan Tili =&gt; ilmoitukseni ja saat luettelon mainoksistasi. Jokaisessa mainoksessa on poistovaihtoehto&#8221; 3. Kuinka voin muokata tilitietojani? Kirjaudu sis\u00e4\u00e4n ja<\/p>\n","protected":false},"author":1,"featured_media":0,"parent":0,"menu_order":0,"comment_status":"closed","ping_status":"closed","template":"","meta":{"_rtcl_gb_attr":"","footnotes":""},"class_list":["post-3217","page","type-page","status-publish","hentry"],"_links":{"self":[{"href":"https:\/\/www.roskalava.net\/fi\/wp-json\/wp\/v2\/pages\/3217","targetHints":{"allow":["GET"]}}],"collection":[{"href":"https:\/\/www.roskalava.net\/fi\/wp-json\/wp\/v2\/pages"}],"about":[{"href":"https:\/\/www.roskalava.net\/fi\/wp-json\/wp\/v2\/types\/page"}],"author":[{"embeddable":true,"href":"https:\/\/www.roskalava.net\/fi\/wp-json\/wp\/v2\/users\/1"}],"replies":[{"embeddable":true,"href":"https:\/\/www.roskalava.net\/fi\/wp-json\/wp\/v2\/comments?post=3217"}],"version-history":[{"count":4,"href":"https:\/\/www.roskalava.net\/fi\/wp-json\/wp\/v2\/pages\/3217\/revisions"}],"predecessor-version":[{"id":3221,"href":"https:\/\/www.roskalava.net\/fi\/wp-json\/wp\/v2\/pages\/3217\/revisions\/3221"}],"wp:attachment":[{"href":"https:\/\/www.roskalava.net\/fi\/wp-json\/wp\/v2\/media?parent=3217"}],"curies":[{"name":"wp","href":"https:\/\/api.w.org\/{rel}","templated":true}]}}